{"id":2582,"date":"2020-05-18T04:43:59","date_gmt":"2020-05-18T04:43:59","guid":{"rendered":"http:\/\/localhost\/theratio\/?page_id=2582"},"modified":"2020-05-18T04:43:59","modified_gmt":"2020-05-18T04:43:59","slug":"portfolio-grid","status":"publish","type":"page","link":"https:\/\/mkmavikiyi.com\/index.php\/portfolio-grid\/","title":{"rendered":"Portfolio Grid"},"content":{"rendered":"\t\t<div data-elementor-type=\"wp-page\" data-elementor-id=\"2582\" class=\"elementor elementor-2582\">\n\t\t\t\t\t\t<section class=\"elementor-section elementor-top-section elementor-element elementor-element-b29e3dd elementor-section-boxed elementor-section-height-default elementor-section-height-default\" data-id=\"b29e3dd\" data-element_type=\"section\">\n\t\t\t\t\t\t<div class=\"elementor-container elementor-column-gap-default\">\n\t\t\t\t\t<div class=\"elementor-column elementor-col-100 elementor-top-column elementor-element elementor-element-d6303c8 ot-flex-column-vertical\" data-id=\"d6303c8\" data-element_type=\"column\">\n\t\t\t<div class=\"elementor-widget-wrap elementor-element-populated\">\n\t\t\t\t\t\t<div class=\"elementor-element elementor-element-e09abd0 theratio-align-center elementor-widget elementor-widget-iheading\" data-id=\"e09abd0\" data-element_type=\"widget\" data-widget_type=\"iheading.default\">\n\t\t\t\t<div class=\"elementor-widget-container\">\n\t\t\t\t\t\t\t<div class=\"ot-heading is-dots\">\r\n\t        <span>[ our portfolio ]<\/span>\t        <h2 class=\"main-heading\">Some of Our Works<br>  and Case Studies for Clients<\/h2>\t    <\/div>\r\n\t    \t\t\t\t<\/div>\n\t\t\t\t<\/div>\n\t\t\t\t<div class=\"elementor-element elementor-element-1089088 elementor-widget elementor-widget-ipfilter\" data-id=\"1089088\" data-element_type=\"widget\" data-widget_type=\"ipfilter.default\">\n\t\t\t\t<div class=\"elementor-widget-container\">\n\t\t\t\t\t\r\n\t\t<div class=\"project-filter-wrapper\">\r\n\t\t\t\t        \t<div class=\"container\">\r\n\t        \t\t<ul class=\"project_filters\">\r\n\t        \t\t\t\t        \t\t\t \t<li><a href=\"#\" data-filter=\"*\" class=\"selected btn-details\">All<span class=\"filter-count\"><\/span><\/a><\/li>\r\n\t        \t\t\t\t\t                \t\t                    <li>\r\n\t\t\t\t\t\t\t\t<a class=\"btn-details\" href='#' data-filter='.category-31'>D\u0131\u015f Mekan<span class=\"filter-count\"><\/span><\/a>\r\n\t\t\t\t\t\t\t<\/li>\t                    \r\n\t\t                \t\t                    <li>\r\n\t\t\t\t\t\t\t\t<a class=\"btn-details\" href='#' data-filter='.category-32'>\u0130\u00e7 Mimari<span class=\"filter-count\"><\/span><\/a>\r\n\t\t\t\t\t\t\t<\/li>\t                    \r\n\t\t                \t\t                    <li>\r\n\t\t\t\t\t\t\t\t<a class=\"btn-details\" href='#' data-filter='.category-33'>Kontroll\u00fck<span class=\"filter-count\"><\/span><\/a>\r\n\t\t\t\t\t\t\t<\/li>\t                    \r\n\t\t                \t\t                    <li>\r\n\t\t\t\t\t\t\t\t<a class=\"btn-details\" href='#' data-filter='.category-34'>Uygulama<span class=\"filter-count\"><\/span><\/a>\r\n\t\t\t\t\t\t\t<\/li>\t                    \r\n\t\t                \t\t\t\t\t<\/ul>\r\n\t\t\t\t<\/div>\r\n\t        \t\t\t\t        <div class=\"projects-grid pf_3_cols style-1 img-scale w-auto\" data-load=\"3\" data-count=\"3\">\r\n\t\t\t<div class=\"grid-sizer\"><\/div>\r\n\t            \r\n<div class=\"project-item category-31 category-34 \">\r\n\t<div class=\"projects-box\">\r\n\t\t<div class=\"projects-thumbnail\" data-src=\"https:\/\/mkmavikiyi.com\/wp-content\/uploads\/2025\/11\/OBD2.png\" data-sub-html=\"OBD Evi \u00c7e\u015fme Ovac\u0131k\">\r\n\t\t\t<a href=\"https:\/\/mkmavikiyi.com\/index.php\/portfolio\/obd\/\">\r\n\t\t\t\t<img fetchpriority=\"high\" decoding=\"async\" width=\"720\" height=\"720\" src=\"https:\/\/mkmavikiyi.com\/wp-content\/uploads\/2025\/11\/OBD2-720x720.png\" class=\"attachment-theratio-portfolio-thumbnail-grid size-theratio-portfolio-thumbnail-grid wp-post-image\" alt=\"\" srcset=\"https:\/\/mkmavikiyi.com\/wp-content\/uploads\/2025\/11\/OBD2-720x720.png 720w, https:\/\/mkmavikiyi.com\/wp-content\/uploads\/2025\/11\/OBD2-150x150.png 150w\" sizes=\"(max-width: 720px) 100vw, 720px\" \/>\t\t\t<\/a>\r\n\t\t\t\r\n\t\t\t<span class=\"overlay\">\r\n\t\t\t\t<h5>OBD Evi \u00c7e\u015fme Ovac\u0131k<\/h5>\r\n\t\t\t\t<i class=\"ot-flaticon-add\"><\/i>\r\n\t\t\t<\/span>\r\n\t\t<\/div>\r\n\t\t<div class=\"portfolio-info\">\r\n\t\t\t<div class=\"portfolio-info-inner\">\r\n\t\t\t\t<h5><a class=\"title-link\" href=\"https:\/\/mkmavikiyi.com\/index.php\/portfolio\/obd\/\" data-src=\"https:\/\/mkmavikiyi.com\/wp-content\/uploads\/2025\/11\/OBD2.png\" data-sub-html=\"OBD Evi \u00c7e\u015fme Ovac\u0131k\">OBD Evi \u00c7e\u015fme Ovac\u0131k<\/a><\/h5>\r\n\t\t\t\t<p class=\"portfolio-cates\"><a href=\"https:\/\/mkmavikiyi.com\/index.php\/portfolio-category\/dis\/\">D\u0131\u015f Mekan<\/a><a href=\"https:\/\/mkmavikiyi.com\/index.php\/portfolio-category\/uygulama\/\">Uygulama<\/a><\/p> \r\n\t\t\t<\/div>\r\n\t\t\t<a class=\"overlay\" href=\"https:\/\/mkmavikiyi.com\/index.php\/portfolio\/obd\/\"><\/a>\r\n\t\t<\/div>\r\n\t<\/div>\r\n<\/div>\r\n<div class=\"project-item category-31 category-33 \">\r\n\t<div class=\"projects-box\">\r\n\t\t<div class=\"projects-thumbnail\" data-src=\"https:\/\/mkmavikiyi.com\/wp-content\/uploads\/2019\/11\/ELIF1.png\" data-sub-html=\"Elif Ada Evi Manisa\">\r\n\t\t\t<a href=\"https:\/\/mkmavikiyi.com\/index.php\/portfolio\/elifada\/\">\r\n\t\t\t\t<img decoding=\"async\" width=\"720\" height=\"720\" src=\"https:\/\/mkmavikiyi.com\/wp-content\/uploads\/2019\/11\/ELIF1-720x720.png\" class=\"attachment-theratio-portfolio-thumbnail-grid size-theratio-portfolio-thumbnail-grid wp-post-image\" alt=\"\" srcset=\"https:\/\/mkmavikiyi.com\/wp-content\/uploads\/2019\/11\/ELIF1-720x720.png 720w, https:\/\/mkmavikiyi.com\/wp-content\/uploads\/2019\/11\/ELIF1-150x150.png 150w\" sizes=\"(max-width: 720px) 100vw, 720px\" \/>\t\t\t<\/a>\r\n\t\t\t\r\n\t\t\t<span class=\"overlay\">\r\n\t\t\t\t<h5>Elif Ada Evi Manisa<\/h5>\r\n\t\t\t\t<i class=\"ot-flaticon-add\"><\/i>\r\n\t\t\t<\/span>\r\n\t\t<\/div>\r\n\t\t<div class=\"portfolio-info\">\r\n\t\t\t<div class=\"portfolio-info-inner\">\r\n\t\t\t\t<h5><a class=\"title-link\" href=\"https:\/\/mkmavikiyi.com\/index.php\/portfolio\/elifada\/\" data-src=\"https:\/\/mkmavikiyi.com\/wp-content\/uploads\/2019\/11\/ELIF1.png\" data-sub-html=\"Elif Ada Evi Manisa\">Elif Ada Evi Manisa<\/a><\/h5>\r\n\t\t\t\t<p class=\"portfolio-cates\"><a href=\"https:\/\/mkmavikiyi.com\/index.php\/portfolio-category\/dis\/\">D\u0131\u015f Mekan<\/a><a href=\"https:\/\/mkmavikiyi.com\/index.php\/portfolio-category\/kontrol\/\">Kontroll\u00fck<\/a><\/p> \r\n\t\t\t<\/div>\r\n\t\t\t<a class=\"overlay\" href=\"https:\/\/mkmavikiyi.com\/index.php\/portfolio\/elifada\/\"><\/a>\r\n\t\t<\/div>\r\n\t<\/div>\r\n<\/div>\r\n<div class=\"project-item category-31 category-32 \">\r\n\t<div class=\"projects-box\">\r\n\t\t<div class=\"projects-thumbnail\" data-src=\"https:\/\/mkmavikiyi.com\/wp-content\/uploads\/2019\/11\/KOCALAR1.png\" data-sub-html=\"Kocalar Y\u00f6netim Ofisi, \u00c7ubuk, Ankara\">\r\n\t\t\t<a href=\"https:\/\/mkmavikiyi.com\/index.php\/portfolio\/kocalar\/\">\r\n\t\t\t\t<img decoding=\"async\" width=\"720\" height=\"720\" src=\"https:\/\/mkmavikiyi.com\/wp-content\/uploads\/2019\/11\/KOCALAR1-720x720.png\" class=\"attachment-theratio-portfolio-thumbnail-grid size-theratio-portfolio-thumbnail-grid wp-post-image\" alt=\"\" srcset=\"https:\/\/mkmavikiyi.com\/wp-content\/uploads\/2019\/11\/KOCALAR1-720x720.png 720w, https:\/\/mkmavikiyi.com\/wp-content\/uploads\/2019\/11\/KOCALAR1-150x150.png 150w\" sizes=\"(max-width: 720px) 100vw, 720px\" \/>\t\t\t<\/a>\r\n\t\t\t\r\n\t\t\t<span class=\"overlay\">\r\n\t\t\t\t<h5>Kocalar Y\u00f6netim Ofisi, \u00c7ubuk, Ankara<\/h5>\r\n\t\t\t\t<i class=\"ot-flaticon-add\"><\/i>\r\n\t\t\t<\/span>\r\n\t\t<\/div>\r\n\t\t<div class=\"portfolio-info\">\r\n\t\t\t<div class=\"portfolio-info-inner\">\r\n\t\t\t\t<h5><a class=\"title-link\" href=\"https:\/\/mkmavikiyi.com\/index.php\/portfolio\/kocalar\/\" data-src=\"https:\/\/mkmavikiyi.com\/wp-content\/uploads\/2019\/11\/KOCALAR1.png\" data-sub-html=\"Kocalar Y\u00f6netim Ofisi, \u00c7ubuk, Ankara\">Kocalar Y\u00f6netim Ofisi, \u00c7ubuk, Ankara<\/a><\/h5>\r\n\t\t\t\t<p class=\"portfolio-cates\"><a href=\"https:\/\/mkmavikiyi.com\/index.php\/portfolio-category\/dis\/\">D\u0131\u015f Mekan<\/a><a href=\"https:\/\/mkmavikiyi.com\/index.php\/portfolio-category\/ic\/\">\u0130\u00e7 Mimari<\/a><\/p> \r\n\t\t\t<\/div>\r\n\t\t\t<a class=\"overlay\" href=\"https:\/\/mkmavikiyi.com\/index.php\/portfolio\/kocalar\/\"><\/a>\r\n\t\t<\/div>\r\n\t<\/div>\r\n<\/div>\t\t\t<\/div>\r\n\r\n\t\t\t\t    <\/div>\r\n\t\t\t\t\t\t\t\t\t\t\r\n\t    \t\t\t\t<\/div>\n\t\t\t\t<\/div>\n\t\t\t\t\t<\/div>\n\t\t<\/div>\n\t\t\t\t\t<\/div>\n\t\t<\/section>\n\t\t\t\t<\/div>\n\t\t","protected":false},"excerpt":{"rendered":"<p>[ our portfolio ] Some of Our Works and Case Studies for Clients All Architecture Decor Furniture Interior Stylish Family Appartment Stylish Family Appartment Interior Minimal Guests House Minimal Guests House DecorInterior Art Family Residence Art Family Residence Architecture Private House in Spain Private House in Spain Furniture Modern Villa in Belgium Modern Villa in [&hellip;]<\/p>\n","protected":false},"author":1,"featured_media":0,"parent":0,"menu_order":0,"comment_status":"closed","ping_status":"closed","template":"","meta":{"footnotes":""},"class_list":["post-2582","page","type-page","status-publish","hentry"],"_links":{"self":[{"href":"https:\/\/mkmavikiyi.com\/index.php\/wp-json\/wp\/v2\/pages\/2582","targetHints":{"allow":["GET"]}}],"collection":[{"href":"https:\/\/mkmavikiyi.com\/index.php\/wp-json\/wp\/v2\/pages"}],"about":[{"href":"https:\/\/mkmavikiyi.com\/index.php\/wp-json\/wp\/v2\/types\/page"}],"author":[{"embeddable":true,"href":"https:\/\/mkmavikiyi.com\/index.php\/wp-json\/wp\/v2\/users\/1"}],"replies":[{"embeddable":true,"href":"https:\/\/mkmavikiyi.com\/index.php\/wp-json\/wp\/v2\/comments?post=2582"}],"version-history":[{"count":0,"href":"https:\/\/mkmavikiyi.com\/index.php\/wp-json\/wp\/v2\/pages\/2582\/revisions"}],"wp:attachment":[{"href":"https:\/\/mkmavikiyi.com\/index.php\/wp-json\/wp\/v2\/media?parent=2582"}],"curies":[{"name":"wp","href":"https:\/\/api.w.org\/{rel}","templated":true}]}}