{"id":5695,"date":"2025-11-14T12:16:32","date_gmt":"2025-11-14T09:16:32","guid":{"rendered":"http:\/\/mkmavikiyi.com\/?page_id=5695"},"modified":"2025-12-03T11:28:22","modified_gmt":"2025-12-03T08:28:22","slug":"vizyon","status":"publish","type":"page","link":"https:\/\/mkmavikiyi.com\/index.php\/vizyon\/","title":{"rendered":"Vizyon &amp; Misyon"},"content":{"rendered":"\t\t<div data-elementor-type=\"wp-page\" data-elementor-id=\"5695\" class=\"elementor elementor-5695\">\n\t\t\t\t<div class=\"elementor-element elementor-element-34484ba e-flex e-con-boxed e-con e-parent\" data-id=\"34484ba\" data-element_type=\"container\">\n\t\t\t\t\t<div class=\"e-con-inner\">\n\t\t\t\t<div class=\"elementor-element elementor-element-0f80d62 elementor-widget elementor-widget-image\" data-id=\"0f80d62\" data-element_type=\"widget\" data-widget_type=\"image.default\">\n\t\t\t\t\t\t\t\t\t\t\t\t\t\t\t<img fetchpriority=\"high\" decoding=\"async\" width=\"1920\" height=\"1280\" src=\"https:\/\/mkmavikiyi.com\/wp-content\/uploads\/2020\/08\/slideshow1-onepage.jpg\" class=\"attachment-full size-full wp-image-4471\" alt=\"\" srcset=\"https:\/\/mkmavikiyi.com\/wp-content\/uploads\/2020\/08\/slideshow1-onepage.jpg 1920w, https:\/\/mkmavikiyi.com\/wp-content\/uploads\/2020\/08\/slideshow1-onepage-300x200.jpg 300w, https:\/\/mkmavikiyi.com\/wp-content\/uploads\/2020\/08\/slideshow1-onepage-1024x683.jpg 1024w, https:\/\/mkmavikiyi.com\/wp-content\/uploads\/2020\/08\/slideshow1-onepage-768x512.jpg 768w, https:\/\/mkmavikiyi.com\/wp-content\/uploads\/2020\/08\/slideshow1-onepage-1536x1024.jpg 1536w\" sizes=\"(max-width: 1920px) 100vw, 1920px\" \/>\t\t\t\t\t\t\t\t\t\t\t\t\t\t\t<\/div>\n\t\t\t\t<div class=\"elementor-element elementor-element-f0b6414 elementor-widget elementor-widget-text-editor\" data-id=\"f0b6414\" data-element_type=\"widget\" data-widget_type=\"text-editor.default\">\n\t\t\t\t\t\t\t\t\t<p><strong>\u00a0 \u00a0 \u00a0V\u0130ZYONUMUZ<\/strong>\u00a0 \u00a0 \u00a0\u00a0<br \/>\u00a0 \u00a0 \u00a0Alternatif ya\u015fam alanlar\u0131 konusunda T\u00fcrkiye\u2019nin lider ve \u00f6rnek g\u00f6sterilen markalar\u0131ndan biri olmak; mimari inovasyonu, kaliteli \u00fcretimi ve g\u00fcvenilir hizmet anlay\u0131\u015f\u0131n\u0131 uluslararas\u0131 seviyeye ta\u015f\u0131mak. Ya\u015fam k\u00fclt\u00fcr\u00fcn\u00fc d\u00f6n\u00fc\u015ft\u00fcren, s\u00fcrd\u00fcr\u00fclebilir mimarinin \u00f6nc\u00fcs\u00fc olarak sekt\u00f6re y\u00f6n vermek.<\/p><p><strong>\u00a0 \u00a0 \u00a0 M\u0130SYONUMUZ<br \/><\/strong>\u00a0 \u00a0 \u00a0 M\u00fc\u015fterilerimize modern, s\u00fcrd\u00fcr\u00fclebilir ve fonksiyonel ya\u015fam alanlar\u0131 sunarak gayrimenkul ,tekne mimarisi ve tiny house sekt\u00f6r\u00fcnde y\u00fcksek kalite standartlar\u0131n\u0131 bir araya getirmek. \u0130htiyaca \u00f6zel mimari \u00e7\u00f6z\u00fcmler geli\u015ftirerek hem estetik hem de ekonomik a\u00e7\u0131dan de\u011fer yaratan projeler \u00fcretmek. Do\u011faya sayg\u0131l\u0131, yenilik\u00e7i ve uzun \u00f6m\u00fcrl\u00fc tasar\u0131mlar ile insanlar\u0131n ya\u015fam konforunu art\u0131rmak.<strong><br \/><\/strong><\/p>\t\t\t\t\t\t\t\t<\/div>\n\t\t\t\t\t<\/div>\n\t\t\t\t<\/div>\n\t\t\t\t<\/div>\n\t\t","protected":false},"excerpt":{"rendered":"<p>\u00a0 \u00a0 \u00a0V\u0130ZYONUMUZ\u00a0 \u00a0 \u00a0\u00a0\u00a0 \u00a0 \u00a0Alternatif ya\u015fam alanlar\u0131 konusunda T\u00fcrkiye\u2019nin lider ve \u00f6rnek g\u00f6sterilen markalar\u0131ndan biri olmak; mimari inovasyonu, kaliteli \u00fcretimi ve g\u00fcvenilir hizmet anlay\u0131\u015f\u0131n\u0131 uluslararas\u0131 seviyeye ta\u015f\u0131mak. Ya\u015fam k\u00fclt\u00fcr\u00fcn\u00fc d\u00f6n\u00fc\u015ft\u00fcren, s\u00fcrd\u00fcr\u00fclebilir mimarinin \u00f6nc\u00fcs\u00fc olarak sekt\u00f6re y\u00f6n vermek. \u00a0 \u00a0 \u00a0 M\u0130SYONUMUZ\u00a0 \u00a0 \u00a0 M\u00fc\u015fterilerimize modern, s\u00fcrd\u00fcr\u00fclebilir ve fonksiyonel ya\u015fam alanlar\u0131 sunarak gayrimenkul ,tekne [&hellip;]<\/p>\n","protected":false},"author":1,"featured_media":0,"parent":0,"menu_order":0,"comment_status":"closed","ping_status":"closed","template":"","meta":{"footnotes":""},"class_list":["post-5695","page","type-page","status-publish","hentry"],"_links":{"self":[{"href":"https:\/\/mkmavikiyi.com\/index.php\/wp-json\/wp\/v2\/pages\/5695","targetHints":{"allow":["GET"]}}],"collection":[{"href":"https:\/\/mkmavikiyi.com\/index.php\/wp-json\/wp\/v2\/pages"}],"about":[{"href":"https:\/\/mkmavikiyi.com\/index.php\/wp-json\/wp\/v2\/types\/page"}],"author":[{"embeddable":true,"href":"https:\/\/mkmavikiyi.com\/index.php\/wp-json\/wp\/v2\/users\/1"}],"replies":[{"embeddable":true,"href":"https:\/\/mkmavikiyi.com\/index.php\/wp-json\/wp\/v2\/comments?post=5695"}],"version-history":[{"count":23,"href":"https:\/\/mkmavikiyi.com\/index.php\/wp-json\/wp\/v2\/pages\/5695\/revisions"}],"predecessor-version":[{"id":5877,"href":"https:\/\/mkmavikiyi.com\/index.php\/wp-json\/wp\/v2\/pages\/5695\/revisions\/5877"}],"wp:attachment":[{"href":"https:\/\/mkmavikiyi.com\/index.php\/wp-json\/wp\/v2\/media?parent=5695"}],"curies":[{"name":"wp","href":"https:\/\/api.w.org\/{rel}","templated":true}]}}