{"id":5710,"date":"2025-11-14T12:26:27","date_gmt":"2025-11-14T09:26:27","guid":{"rendered":"http:\/\/mkmavikiyi.com\/?page_id=5710"},"modified":"2025-11-14T12:30:09","modified_gmt":"2025-11-14T09:30:09","slug":"degerlerimiz","status":"publish","type":"page","link":"https:\/\/mkmavikiyi.com\/index.php\/degerlerimiz\/","title":{"rendered":"De\u011ferlerimiz"},"content":{"rendered":"\t\t<div data-elementor-type=\"wp-page\" data-elementor-id=\"5710\" class=\"elementor elementor-5710\">\n\t\t\t\t<div class=\"elementor-element elementor-element-f19474f e-grid e-con-boxed e-con e-parent\" data-id=\"f19474f\" data-element_type=\"container\">\n\t\t\t\t\t<div class=\"e-con-inner\">\n\t\t\t\t<div class=\"elementor-element elementor-element-33f5084 elementor-widget elementor-widget-image\" data-id=\"33f5084\" data-element_type=\"widget\" data-widget_type=\"image.default\">\n\t\t\t\t\t\t\t\t\t\t\t\t\t\t\t<img fetchpriority=\"high\" decoding=\"async\" width=\"935\" height=\"667\" src=\"http:\/\/mkmavikiyi.com\/wp-content\/uploads\/2020\/06\/image2-home5.png\" class=\"attachment-large size-large wp-image-3568\" alt=\"\" srcset=\"http:\/\/mkmavikiyi.com\/wp-content\/uploads\/2020\/06\/image2-home5.png 935w, http:\/\/mkmavikiyi.com\/wp-content\/uploads\/2020\/06\/image2-home5-300x214.png 300w, http:\/\/mkmavikiyi.com\/wp-content\/uploads\/2020\/06\/image2-home5-768x548.png 768w\" sizes=\"(max-width: 935px) 100vw, 935px\" \/>\t\t\t\t\t\t\t\t\t\t\t\t\t\t\t<\/div>\n\t\t\t\t<div class=\"elementor-element elementor-element-a8b6617 elementor-widget elementor-widget-text-editor\" data-id=\"a8b6617\" data-element_type=\"widget\" data-widget_type=\"text-editor.default\">\n\t\t\t\t\t\t\t\t\t<div><strong>De\u011ferlerimiz<\/strong><\/div><ul><li>Kalite ve G\u00fcven: T\u00fcm projelerimizde y\u00fcksek kaliteli malzeme kullan\u0131m\u0131 ve \u015feffaf hizmet anlay\u0131\u015f\u0131.<\/li><li>S\u00fcrd\u00fcr\u00fclebilirlik: Do\u011faya uyumlu, \u00e7evreci ve enerji verimlili\u011fi y\u00fcksek tasar\u0131mlar.<\/li><li>Yenilik\u00e7ilik: Mimari trendleri takip eden, \u00f6zg\u00fcn ve yarat\u0131c\u0131 \u00e7\u00f6z\u00fcmler.<\/li><li>M\u00fc\u015fteri Odakl\u0131l\u0131k: \u0130htiyaca \u00f6zel tasar\u0131m, h\u0131zl\u0131 geri d\u00f6n\u00fc\u015f ve memnuniyet odakl\u0131 hizmet.<\/li><li>Profesyonellik: Deneyimli ekip, titiz proje y\u00f6netimi ve kurumsal \u00e7al\u0131\u015fma k\u00fclt\u00fcr\u00fc<\/li><\/ul>\t\t\t\t\t\t\t\t<\/div>\n\t\t\t\t\t<\/div>\n\t\t\t\t<\/div>\n\t\t\t\t<\/div>\n\t\t","protected":false},"excerpt":{"rendered":"<p>De\u011ferlerimiz Kalite ve G\u00fcven: T\u00fcm projelerimizde y\u00fcksek kaliteli malzeme kullan\u0131m\u0131 ve \u015feffaf hizmet anlay\u0131\u015f\u0131. S\u00fcrd\u00fcr\u00fclebilirlik: Do\u011faya uyumlu, \u00e7evreci ve enerji verimlili\u011fi y\u00fcksek tasar\u0131mlar. Yenilik\u00e7ilik: Mimari trendleri takip eden, \u00f6zg\u00fcn ve yarat\u0131c\u0131 \u00e7\u00f6z\u00fcmler. M\u00fc\u015fteri Odakl\u0131l\u0131k: \u0130htiyaca \u00f6zel tasar\u0131m, h\u0131zl\u0131 geri d\u00f6n\u00fc\u015f ve memnuniyet odakl\u0131 hizmet. Profesyonellik: Deneyimli ekip, titiz proje y\u00f6netimi ve kurumsal \u00e7al\u0131\u015fma k\u00fclt\u00fcr\u00fc<\/p>\n","protected":false},"author":1,"featured_media":0,"parent":0,"menu_order":0,"comment_status":"closed","ping_status":"closed","template":"","meta":{"footnotes":""},"class_list":["post-5710","page","type-page","status-publish","hentry"],"_links":{"self":[{"href":"https:\/\/mkmavikiyi.com\/index.php\/wp-json\/wp\/v2\/pages\/5710","targetHints":{"allow":["GET"]}}],"collection":[{"href":"https:\/\/mkmavikiyi.com\/index.php\/wp-json\/wp\/v2\/pages"}],"about":[{"href":"https:\/\/mkmavikiyi.com\/index.php\/wp-json\/wp\/v2\/types\/page"}],"author":[{"embeddable":true,"href":"https:\/\/mkmavikiyi.com\/index.php\/wp-json\/wp\/v2\/users\/1"}],"replies":[{"embeddable":true,"href":"https:\/\/mkmavikiyi.com\/index.php\/wp-json\/wp\/v2\/comments?post=5710"}],"version-history":[{"count":4,"href":"https:\/\/mkmavikiyi.com\/index.php\/wp-json\/wp\/v2\/pages\/5710\/revisions"}],"predecessor-version":[{"id":5714,"href":"https:\/\/mkmavikiyi.com\/index.php\/wp-json\/wp\/v2\/pages\/5710\/revisions\/5714"}],"wp:attachment":[{"href":"https:\/\/mkmavikiyi.com\/index.php\/wp-json\/wp\/v2\/media?parent=5710"}],"curies":[{"name":"wp","href":"https:\/\/api.w.org\/{rel}","templated":true}]}}